{"id":6516,"date":"2021-11-01T21:54:21","date_gmt":"2021-11-01T21:54:21","guid":{"rendered":"https:\/\/co.feriavegana.com\/index.php\/affiliate-tos-page\/"},"modified":"2022-06-21T02:10:14","modified_gmt":"2022-06-21T02:10:14","slug":"affiliate-tos-page","status":"publish","type":"page","link":"https:\/\/co.feriavegana.com\/index.php\/affiliate-tos-page\/","title":{"rendered":"Condiciones de servicio del afiliado"},"content":{"rendered":"\t\t<div data-elementor-type=\"wp-page\" data-elementor-id=\"6516\" class=\"elementor elementor-6516\">\n\t\t\t\t\t\t\t\t\t<section class=\"elementor-section elementor-top-section elementor-element elementor-element-8e716ff elementor-section-boxed elementor-section-height-default elementor-section-height-default\" data-id=\"8e716ff\" data-element_type=\"section\">\n\t\t\t\t\t\t<div class=\"elementor-container elementor-column-gap-default\">\n\t\t\t\t\t<div class=\"elementor-column elementor-col-100 elementor-top-column elementor-element elementor-element-e6b0eb7\" data-id=\"e6b0eb7\" data-element_type=\"column\">\n\t\t\t<div class=\"elementor-widget-wrap elementor-element-populated\">\n\t\t\t\t\t\t\t\t<div class=\"elementor-element elementor-element-efd2470 elementor-widget elementor-widget-text-editor\" data-id=\"efd2470\" data-element_type=\"widget\" data-widget_type=\"text-editor.default\">\n\t\t\t\t<div class=\"elementor-widget-container\">\n\t\t\t<style>\/*! elementor - v3.7.7 - 20-09-2022 *\/\n.elementor-widget-text-editor.elementor-drop-cap-view-stacked .elementor-drop-cap{background-color:#818a91;color:#fff}.elementor-widget-text-editor.elementor-drop-cap-view-framed .elementor-drop-cap{color:#818a91;border:3px solid;background-color:transparent}.elementor-widget-text-editor:not(.elementor-drop-cap-view-default) .elementor-drop-cap{margin-top:8px}.elementor-widget-text-editor:not(.elementor-drop-cap-view-default) .elementor-drop-cap-letter{width:1em;height:1em}.elementor-widget-text-editor .elementor-drop-cap{float:left;text-align:center;line-height:1;font-size:50px}.elementor-widget-text-editor .elementor-drop-cap-letter{display:inline-block}<\/style>\t\t\t\t<h1>Condiciones de servicio del programa de afiliados<\/h1><h2>Acuerdo<\/h2><p>Al registrarse para ser un Afiliado en el Programa de Afiliados del\u00a0<strong>Supermarket<\/strong>\u00a0(\u00abPrograma\u00bb), usted acepta estar sujeto a los siguientes t\u00e9rminos y condiciones (\u00abT\u00e9rminos de servicio\u00bb).<\/p><p>Club se reserva el derecho de actualizar y cambiar los T\u00e9rminos de servicio de vez en cuando sin previo aviso. Cualquier caracter\u00edstica nueva que aumente o mejore el Programa actual, incluido el lanzamiento de nuevas herramientas y recursos, estar\u00e1 sujeta a los T\u00e9rminos de servicio. El uso continuado del Programa despu\u00e9s de dichos cambios constituir\u00e1 su consentimiento a dichos cambios.<\/p><p>La violaci\u00f3n de cualquiera de los t\u00e9rminos a continuaci\u00f3n resultar\u00e1 en la terminaci\u00f3n de su Cuenta y la p\u00e9rdida de cualquier pago de comisi\u00f3n de afiliados pendiente ganado durante la violaci\u00f3n. Acepta utilizar el Programa de afiliados bajo su propio riesgo.<\/p><h2>T\u00e9rminos de la cuenta<\/h2><ul><li>Debes tener 18 a\u00f1os o m\u00e1s para formar parte de este programa.<\/li><li>Debes ser un humano. No se permiten cuentas registradas por \u00abbots\u00bb u otros m\u00e9todos automatizados..<\/li><li>Debe proporcionar su nombre legal completo, una direcci\u00f3n de correo electr\u00f3nico v\u00e1lida y cualquier otra informaci\u00f3n solicitada para completar el proceso de registro.<\/li><li>Su inicio de sesi\u00f3n solo puede ser utilizado por una persona; no se permite un inicio de sesi\u00f3n \u00fanico compartido por varias personas.<\/li><li>Usted es responsable de mantener la seguridad de su cuenta y contrase\u00f1a.\u00a0<strong>Supermarket<\/strong>\u00a0no puede y no ser\u00e1 responsable de ninguna p\u00e9rdida o da\u00f1o por su incumplimiento de esta obligaci\u00f3n de seguridad.<\/li><li>Usted es responsable de todo el Contenido publicado y la actividad que se produzca en su cuenta.<\/li><li>Una persona o entidad jur\u00eddica no puede mantener m\u00e1s de una cuenta.<\/li><li>No puede utilizar el Programa de afiliados para ning\u00fan prop\u00f3sito ilegal o no autorizado. No debe, en el uso del Servicio, violar ninguna ley en su jurisdicci\u00f3n (incluidas, entre otras, las leyes de derechos de autor).<\/li><li>No puede utilizar el Programa de afiliados para ganar dinero en sus propias cuentas de productos del\u00a0<strong>Supermarket<\/strong>.<\/li><\/ul><h2>Enlaces \/ gr\u00e1ficos en su sitio, en sus correos electr\u00f3nicos u otras comunicaciones<\/h2><p>Una vez que se haya registrado en el Programa de afiliados, se le asignar\u00e1 un C\u00f3digo de afiliado \u00fanico. Se le permite colocar enlaces, pancartas u otros gr\u00e1ficos que proporcionamos con su C\u00f3digo de afiliado en su sitio, en sus correos electr\u00f3nicos o en otras comunicaciones. Le proporcionaremos pautas, estilos de enlaces e ilustraciones gr\u00e1ficas para usar en los enlaces al\u00a0<strong>Supermarket<\/strong>. Podemos cambiar el dise\u00f1o de la obra de arte en cualquier momento sin previo aviso, pero no cambiaremos las dimensiones de las im\u00e1genes sin previo aviso.<\/p><p>Para permitir un seguimiento preciso, informes y la acumulaci\u00f3n de tarifas de referencia, le proporcionaremos formatos de enlace especiales que se utilizar\u00e1n en todos los enlaces entre su sitio y el Club. Debe asegurarse de que cada uno de los enlaces entre su sitio y el\u00a0<strong>Supermarket<\/strong>\u00a0utilice correctamente dichos formatos de enlace especiales. Los enlaces al\u00a0<strong>Supermarket<\/strong>\u00a0colocados en su sitio de conformidad con este Acuerdo y que utilizan correctamente dichos formatos de enlace especiales se denominan \u00abEnlaces especiales\u00bb. Obtendr\u00e1 tarifas de referencia solo con respecto a las ventas de un producto del\u00a0<strong>Supermarket<\/strong>\u00a0que se realicen directamente a trav\u00e9s de Enlaces especiales; no seremos responsables ante usted con respecto a cualquier falla suya o de alguien a quien usted refiera para usar Enlaces Especiales o ingresar incorrectamente su C\u00f3digo de Afiliado, incluso en la medida en que dicha falla pueda resultar en una reducci\u00f3n de los montos que de otro modo se le pagar\u00edan a usted de conformidad con este Acuerdo.<\/p><p>Los enlaces de afiliados deben apuntar a la p\u00e1gina del producto que se promociona.<\/p><h2>Tarifas \/ comisiones de referencia y pago<\/h2><p>Para que la venta de un Producto sea elegible para ganar una tarifa de referencia, el cliente debe hacer clic en un Enlace especial desde su sitio, correo electr\u00f3nico u otras comunicaciones a\u00a0<strong>https:\/\/co.feriavegana.com<\/strong>\u00a0y completar un pedido de un producto durante ese sesi\u00f3n.<\/p><p>Solo pagaremos comisiones por los enlaces que nuestros sistemas rastrean e informan autom\u00e1ticamente. No pagaremos comisiones si alguien dice que compr\u00f3 o alguien dice que ingres\u00f3 un c\u00f3digo de referencia si nuestro sistema no lo rastre\u00f3. Solo podemos pagar comisiones sobre negocios generados a trav\u00e9s de enlaces especiales con el formato adecuado que fueron rastreados autom\u00e1ticamente por nuestros sistemas.<\/p><p>Nos reservamos el derecho de descalificar las comisiones ganadas a trav\u00e9s de m\u00e9todos de comercializaci\u00f3n o ventas fraudulentos, ilegales o demasiado agresivos y cuestionables.<\/p><p>Los pagos solo comienzan una vez que haya ganado m\u00e1s de\u00a0<strong>$ 50<\/strong>\u00a0en ingresos de afiliados. Si su cuenta de afiliado nunca cruza el umbral de\u00a0<strong>$ 50<\/strong>, sus comisiones no se realizar\u00e1n ni pagar\u00e1n. Solo somos responsables de pagar las cuentas que hayan cruzado el umbral de\u00a0<strong>$ 50<\/strong>.<\/p><h2>Identificarse como afiliado del club<\/h2><p>No puede emitir ning\u00fan comunicado de prensa con respecto a este Acuerdo o su participaci\u00f3n en el Programa; tal acci\u00f3n puede resultar en su terminaci\u00f3n del Programa. Adem\u00e1s, no puede de ninguna manera tergiversar o embellecer la relaci\u00f3n entre nosotros y usted, decir que desarrolla nuestros productos, decir que es parte del Club o expresar o insinuar cualquier relaci\u00f3n o afiliaci\u00f3n entre nosotros y usted o cualquier otra persona o entidad excepto seg\u00fan lo permitido expresamente por este Acuerdo (incluso al expresar o implicar que apoyamos, patrocinamos, respaldamos o contribuimos con dinero a cualquier organizaci\u00f3n ben\u00e9fica u otra causa).<\/p><p>No puede comprar productos a trav\u00e9s de sus enlaces de afiliados para su propio uso. Dichas compras pueden resultar (a nuestro exclusivo criterio) en la retenci\u00f3n de las tarifas de referencia y \/ o la terminaci\u00f3n de este Acuerdo.<\/p><h2>Calendario de pago<\/h2><p>Siempre que sus ganancias de afiliado actual sean superiores a\u00a0<strong>$ 50<\/strong>, se le pagar\u00e1 cada mes. Si no ha ganado\u00a0<strong>$ 50<\/strong>\u00a0desde su \u00faltimo pago, le pagaremos el mes siguiente despu\u00e9s de que haya cruzado el umbral.<\/p><h2>Definici\u00f3n de cliente<\/h2><p>Los clientes que compren productos a trav\u00e9s de este Programa se considerar\u00e1n nuestros clientes. En consecuencia, todas nuestras reglas, pol\u00edticas y procedimientos operativos relacionados con los pedidos de los clientes, el servicio al cliente y la venta de productos se aplicar\u00e1n a esos clientes. Podemos cambiar nuestras pol\u00edticas y procedimientos operativos en cualquier momento. Por ejemplo, determinaremos los precios que se cobrar\u00e1n por los productos vendidos bajo este Programa de acuerdo con nuestras propias pol\u00edticas de precios. Los precios y la disponibilidad de los productos pueden variar de vez en cuando. Debido a que los cambios de precios pueden afectar los Productos que ha incluido en su sitio, no debe mostrar los precios de los productos en su sitio. Haremos todos los esfuerzos comercialmente razonables para presentar informaci\u00f3n precisa, pero no podemos garantizar la disponibilidad o el precio de ning\u00fan producto en particular.<\/p><h2>Tus responsabilidades<\/h2><p>Usted ser\u00e1 el \u00fanico responsable del desarrollo, funcionamiento y mantenimiento de su sitio y de todos los materiales que aparecen en su sitio. Por ejemplo, usted ser\u00e1 el \u00fanico responsable de:<\/p><p>\u2013 La operaci\u00f3n t\u00e9cnica de su sitio y todo el equipo relacionado<br \/>\u2013 Asegurar la visualizaci\u00f3n de enlaces especiales en su sitio no viola ning\u00fan acuerdo entre usted y un tercero (incluidas, entre otras, las restricciones o requisitos que le imponga un tercero que aloje su sitio)<br \/>\u2013 La precisi\u00f3n, veracidad y adecuaci\u00f3n de los materiales publicados en su sitio (incluidos, entre otras cosas, todos los materiales relacionados con el Producto y cualquier informaci\u00f3n que incluya o asocie con los Enlaces especiales)<br \/>\u2013 Asegurarse de que los materiales publicados en su sitio no violen ni infrinjan los derechos de ning\u00fan tercero (incluidos, por ejemplo, derechos de autor, marcas comerciales, privacidad u otros derechos personales o de propiedad)<br \/>\u2013 Asegurarse de que los materiales publicados en su sitio no sean difamatorios o ilegales.<br \/>\u2013 Asegurarse de que su sitio divulgue de manera precisa y adecuada, ya sea a trav\u00e9s de una pol\u00edtica de privacidad o de otro modo, c\u00f3mo recopila, usa, almacena y divulga los datos recopilados de los visitantes, incluido, cuando corresponda, que terceros (incluidos los anunciantes) pueden ofrecer contenido y \/ o anuncios y recopilar informaci\u00f3n directamente de los visitantes y puede colocar o reconocer cookies en los navegadores de los visitantes.<\/p><h2>De acuerdo con las leyes<\/h2><p>Como condici\u00f3n para su participaci\u00f3n en el Programa, usted acepta que mientras sea un participante del Programa, cumplir\u00e1 con todas las leyes, ordenanzas, reglas, regulaciones, \u00f3rdenes, licencias, permisos, sentencias, decisiones u otros requisitos de cualquier autoridad gubernamental que tenga jurisdicci\u00f3n sobre usted, ya sea que esas leyes, etc. est\u00e9n en vigencia o entren en vigencia posteriormente durante el tiempo que sea participante del Programa. Sin limitar la obligaci\u00f3n anterior, usted acepta que, como condici\u00f3n para su participaci\u00f3n en el Programa, cumplir\u00e1 con todas las leyes aplicables (federales, estatales o de otro tipo) que rigen el correo electr\u00f3nico de marketing, incluidas, entre otras, la Ley CAN-SPAM de 2003 y todas las otras leyes anti-spam.<\/p><h2>Duraci\u00f3n del acuerdo y programa<\/h2><p>La vigencia de este Acuerdo comenzar\u00e1 con nuestra aceptaci\u00f3n de su solicitud de Programa y finalizar\u00e1 cuando cualquiera de las partes lo rescinda. Usted o nosotros podemos rescindir este Acuerdo en cualquier momento, con o sin causa, notificando por escrito a la otra parte de la rescisi\u00f3n. Tras la terminaci\u00f3n de este Acuerdo por cualquier motivo, dejar\u00e1 de usar y eliminar\u00e1 de su sitio de inmediato todos los enlaces a\u00a0<strong>https:\/\/co.feriavegana.com<\/strong>, y todas nuestras marcas comerciales, imagen comercial y logotipos, y todos los otros materiales proporcionados por nosotros o en nuestro nombre de conformidad con el presente o en relaci\u00f3n con el Programa. <b>la Feria Vegana<\/b>\u00a0se reserva el derecho de finalizar el Programa en cualquier momento. Al finalizar el programa, <b>Feria Vegana<\/b>\u00a0pagar\u00e1 las ganancias pendientes acumuladas que superen los\u00a0<strong>$ 50<\/strong>.<\/p><h2>Terminaci\u00f3n<\/h2><p><span style=\"font-weight: bold; font-family: var(--tb-text-primary-font);\">Feria Vegana<\/span>, a su entera discreci\u00f3n, tiene el derecho de suspender o cancelar su cuenta y rechazar cualquier uso actual o futuro del Programa, o cualquier otro servicio del\u00a0<strong>Supermarket<\/strong>, por cualquier motivo y en cualquier momento. Dicha terminaci\u00f3n del Servicio resultar\u00e1 en la desactivaci\u00f3n o eliminaci\u00f3n de su Cuenta o su acceso a su Cuenta, y la p\u00e9rdida y renuncia de todas las comisiones potenciales o por pagar en su Cuenta si se obtuvieron de manera fraudulenta, ilegal o m\u00e9todos de marketing o ventas demasiado agresivos y cuestionables.\u00a0<strong>Supermarket<\/strong>\u00a0se reserva el derecho de rechazar el servicio a cualquier persona por cualquier motivo y en cualquier momento.<\/p><h2>Relaci\u00f3n de las partes<\/h2><p>Usted y nosotros somos contratistas independientes, y nada en este Acuerdo crear\u00e1 ninguna sociedad, empresa conjunta, agencia, franquicia, representante de ventas o relaci\u00f3n laboral entre las partes. No tendr\u00e1 autoridad para hacer o aceptar ofertas o representaciones en nuestro nombre. No har\u00e1 ninguna declaraci\u00f3n, ya sea en su sitio o de otro modo, que pueda contradecir razonablemente algo de esta Secci\u00f3n.<\/p><h2>Limitaciones de responsabilidad<\/h2><p>No seremos responsables por da\u00f1os indirectos, especiales o consecuentes (o cualquier p\u00e9rdida de ingresos, ganancias o datos) que surjan en relaci\u00f3n con este Acuerdo o el Programa, incluso si se nos ha informado de la posibilidad de tales da\u00f1os. Adem\u00e1s, nuestra responsabilidad agregada que surge con respecto a este Acuerdo y el Programa no exceder\u00e1 las tarifas totales de referencia pagadas o pagaderas a usted en virtud de este Acuerdo.<\/p><h2>Descargos de responsabilidad<\/h2><p>No ofrecemos garant\u00edas ni representaciones expl\u00edcitas o impl\u00edcitas con respecto al Programa o cualquier producto vendido a trav\u00e9s del Programa (incluidas, entre otras, las garant\u00edas de idoneidad, comerciabilidad, no infracci\u00f3n o cualquier garant\u00eda impl\u00edcita que surja de un curso de desempe\u00f1o, negociaci\u00f3n o uso comercial). Adem\u00e1s, no garantizamos que el funcionamiento del\u00a0<strong>Supermarket<\/strong>\u00a0sea ininterrumpido o libre de errores, y no seremos responsables de las consecuencias de cualquier interrupci\u00f3n o error.<\/p><h2>Investigaci\u00f3n independiente<\/h2><p>USTED RECONOCE QUE HA LE\u00cdDO ESTE ACUERDO Y EST\u00c1 DE ACUERDO CON TODOS SUS T\u00c9RMINOS Y CONDICIONES. USTED ENTIENDE QUE PODEMOS EN CUALQUIER MOMENTO (DIRECTA O INDIRECTAMENTE) SOLICITAR REFERENCIAS DEL CLIENTE EN T\u00c9RMINOS QUE PUEDEN DIFERIR DE LOS CONTENIDOS EN ESTE ACUERDO U OPERAR SITIOS WEB SIMILARES O COMPETIR CON SU SITIO WEB. USTED HA EVALUADO INDEPENDIENTEMENTE EL DESEO DE PARTICIPAR EN EL PROGRAMA Y NO CONF\u00cdA EN NINGUNA REPRESENTACI\u00d3N, GARANT\u00cdA O DECLARACI\u00d3N DIFERENTE A LO ESTABLECIDO EN ESTE ACUERDO.<\/p><h2>Arbitraje<\/h2><p>Cualquier disputa relacionada de alguna manera con este Acuerdo (incluido cualquier incumplimiento real o presunto del mismo), cualquier transacci\u00f3n o actividad bajo este Acuerdo o su relaci\u00f3n con nosotros o cualquiera de nuestras afiliadas se someter\u00e1 a arbitraje confidencial, excepto que, en la medida en que usted ha violado o amenazado con violar de alguna manera nuestros derechos de propiedad intelectual, podemos buscar medidas cautelares u otro desagravio apropiado en cualquier tribunal estatal o federal (y usted acepta la jurisdicci\u00f3n y competencia no exclusiva de dichos tribunales) o cualquier otro tribunal de jurisdicci\u00f3n competente . El arbitraje bajo este acuerdo se llevar\u00e1 a cabo bajo las reglas vigentes en ese momento de la Asociaci\u00f3n Americana de Arbitraje. El laudo del \u00e1rbitro ser\u00e1 vinculante y podr\u00e1 ser presentado como sentencia en cualquier tribunal de jurisdicci\u00f3n competente. En la m\u00e1xima medida permitida por la ley aplicable, ning\u00fan arbitraje bajo este Acuerdo se unir\u00e1 a un arbitraje que involucre a cualquier otra parte sujeta a este Acuerdo, ya sea a trav\u00e9s de procedimientos de arbitraje colectivo o de otro modo.<\/p><h2>Miscellaneous<\/h2><p>Este Acuerdo se regir\u00e1 por las leyes de los Estados Unidos, sin referencia a las reglas que rigen la elecci\u00f3n de leyes. No puede ceder este Acuerdo, por aplicaci\u00f3n de la ley o de otro modo, sin nuestro consentimiento previo por escrito. Sujeto a esa restricci\u00f3n, este Acuerdo ser\u00e1 vinculante, redundar\u00e1 en beneficio de y ser\u00e1 ejecutable contra las partes y sus respectivos sucesores y cesionarios. Nuestra falla en hacer cumplir su estricto cumplimiento de cualquier disposici\u00f3n de este Acuerdo no constituir\u00e1 una renuncia a nuestro derecho de hacer cumplir posteriormente dicha disposici\u00f3n o cualquier otra disposici\u00f3n de este Acuerdo.<\/p><p>El hecho de que el<strong>\u00a0<\/strong><strong>Supermarket<\/strong>\u00a0no ejerza o haga cumplir cualquier derecho o disposici\u00f3n de los T\u00e9rminos de servicio no constituir\u00e1 una renuncia a dicho derecho o disposici\u00f3n. Los T\u00e9rminos de servicio constituyen el acuerdo completo entre usted y el\u00a0<strong>Supermarket<\/strong>\u00a0y rigen su uso del Servicio, reemplazando cualquier acuerdo anterior entre usted y el\u00a0<strong>Supermarket<\/strong>\u00a0(incluidas, entre otras, las versiones anteriores de los T\u00e9rminos de servicio).<\/p>\t\t\t\t\t\t<\/div>\n\t\t\t\t<\/div>\n\t\t\t\t\t<\/div>\n\t\t<\/div>\n\t\t\t\t\t\t\t<\/div>\n\t\t<\/section>\n\t\t\t\t\t\t\t<\/div>\n\t\t","protected":false},"excerpt":{"rendered":"<p>Condiciones de servicio del programa de afiliados Acuerdo Al registrarse para ser un Afiliado en el Programa de Afiliados del&nbsp;Supermarket&nbsp;(\u00abPrograma\u00bb), usted acepta estar sujeto a los siguientes t\u00e9rminos y condiciones (\u00abT\u00e9rminos de servicio\u00bb). Club se reserva el derecho de actualizar y cambiar los T\u00e9rminos de servicio de vez en cuando sin previo aviso. Cualquier caracter\u00edstica &hellip; <a href=\"https:\/\/co.feriavegana.com\/index.php\/affiliate-tos-page\/\" class=\"more-link\">Continuar leyendo <span class=\"screen-reader-text\">Condiciones de servicio del afiliado<\/span><\/a><\/p>\n","protected":false},"author":1,"featured_media":0,"parent":0,"menu_order":0,"comment_status":"closed","ping_status":"closed","template":"elementor_header_footer","meta":{"om_disable_all_campaigns":false,"_monsterinsights_skip_tracking":false,"_monsterinsights_sitenote_active":false,"_monsterinsights_sitenote_note":"","_monsterinsights_sitenote_category":0},"jetpack-related-posts":[],"_links":{"self":[{"href":"https:\/\/co.feriavegana.com\/index.php\/wp-json\/wp\/v2\/pages\/6516"}],"collection":[{"href":"https:\/\/co.feriavegana.com\/index.php\/wp-json\/wp\/v2\/pages"}],"about":[{"href":"https:\/\/co.feriavegana.com\/index.php\/wp-json\/wp\/v2\/types\/page"}],"author":[{"embeddable":true,"href":"https:\/\/co.feriavegana.com\/index.php\/wp-json\/wp\/v2\/users\/1"}],"replies":[{"embeddable":true,"href":"https:\/\/co.feriavegana.com\/index.php\/wp-json\/wp\/v2\/comments?post=6516"}],"version-history":[{"count":14,"href":"https:\/\/co.feriavegana.com\/index.php\/wp-json\/wp\/v2\/pages\/6516\/revisions"}],"predecessor-version":[{"id":6541,"href":"https:\/\/co.feriavegana.com\/index.php\/wp-json\/wp\/v2\/pages\/6516\/revisions\/6541"}],"wp:attachment":[{"href":"https:\/\/co.feriavegana.com\/index.php\/wp-json\/wp\/v2\/media?parent=6516"}],"curies":[{"name":"wp","href":"https:\/\/api.w.org\/{rel}","templated":true}]}}