{"id":3273,"date":"2017-11-14T02:47:12","date_gmt":"2017-11-14T02:47:12","guid":{"rendered":"https:\/\/elementor3.thembay.com\/puca_wcfm\/?page_id=3273"},"modified":"2022-06-21T02:07:24","modified_gmt":"2022-06-21T02:07:24","slug":"product-categories-elements","status":"publish","type":"page","link":"https:\/\/co.feriavegana.com\/index.php\/product-categories-elements\/","title":{"rendered":"Categor\u00edas de productos"},"content":{"rendered":"\t\t<div data-elementor-type=\"wp-page\" data-elementor-id=\"3273\" class=\"elementor elementor-3273\">\n\t\t\t\t\t\t\t\t\t<section class=\"elementor-section elementor-top-section elementor-element elementor-element-69e0b35d elementor-section-boxed elementor-section-height-default elementor-section-height-default\" data-id=\"69e0b35d\" data-element_type=\"section\">\n\t\t\t\t\t\t<div class=\"elementor-container elementor-column-gap-default\">\n\t\t\t\t\t<div class=\"elementor-column elementor-col-100 elementor-top-column elementor-element elementor-element-5e3a5701\" data-id=\"5e3a5701\" data-element_type=\"column\">\n\t\t\t<div class=\"elementor-widget-wrap elementor-element-populated\">\n\t\t\t\t\t\t\t\t<div class=\"elementor-element elementor-element-5b85bb9e elementor-widget elementor-widget-tbay-custom-image-list-categories\" data-id=\"5b85bb9e\" data-element_type=\"widget\" data-widget_type=\"tbay-custom-image-list-categories.default\">\n\t\t\t\t<div class=\"elementor-widget-container\">\n\t\t\t\r\n<div class=\"widget tbay-element tbay-element-custom-image-list-categories widget-categories categories widget-carousel\">\r\n    \t\t\t<h3 class=\"heading-tbay-title widget-title\">\r\n\t\t\t\t\t\t\t\t\t<span class=\"title\">#custom image<\/span>\r\n\t\t\t\t\t    \t\r\n\t\t\t\t\t\t\t\t\t<span class=\"subtitle\">Categor\u00edas de lista de im\u00e1genes personalizadas de Tbay<\/span>\r\n\t\t\t\t\t\t\t<\/h3>\r\n\t\t \r\n    <div class=\"widget-content woocommerce\">\r\n         \r\n \r\n        \r\n\t<div class=\"custom-image-list-categories owl-carousel scroll-init categories\" data-carousel=\"owl\" data-items=\"5\" data-large=\"4\" data-medium=\"2\" data-smallmedium=\"\" data-extrasmall=\"2\" data-verysmall=\"\" data-nav=\"true\" data-pagination=\"false\" data-loop=\"false\" data-auto=\"false\" data-unslick=\"true\">\r\n\r\n     \r\n\r\n\t\t\t \r\n\t\t\t\t<div class=\"item\">\r\n\t\t\t\r\n\t\t\t\t\t<div class=\"item-cat\">\r\n\t\t\t\t\t\t\t\t\t\t\t\t\t<a class=\"cat-img\" href=\"https:\/\/co.feriavegana.com\/index.php\/product-category\/electronics-computer\/\">\r\n\t\t\t\t\t\t\t\t<img src=\"https:\/\/co.feriavegana.com\/wp-content\/uploads\/2020\/01\/cate1.png\" alt=\"Electr\u00f3nica &amp; Computaci\u00f3n\">\r\n\t\t\t\t\t\t\t<\/a>\r\n\t\t\t\t\t\t\r\n\t\t\t\t\t\t<a class=\"cat-name\" href=\"https:\/\/co.feriavegana.com\/index.php\/product-category\/electronics-computer\/\">\r\n\t\t\t\t\t\t\tElectr\u00f3nica &amp; Computaci\u00f3n\r\n\t\t\t\t\t\t\t\t\t\t\t\t\t<\/a>\r\n\r\n\r\n\t\t\t\t\t<\/div>\r\n\r\n\t\t\t\t\t\t\t<\/div>\r\n\t\t\t\t         \r\n\r\n\t\t\t \r\n\t\t\t\t<div class=\"item\">\r\n\t\t\t\r\n\t\t\t\t\t<div class=\"item-cat\">\r\n\t\t\t\t\t\t\t\t\t\t\t\t\t<a class=\"cat-img\" href=\"https:\/\/co.feriavegana.com\/index.php\/product-category\/fashion-jewellery\/\">\r\n\t\t\t\t\t\t\t\t<img src=\"https:\/\/co.feriavegana.com\/wp-content\/uploads\/2020\/01\/cate2.png\" alt=\"Moda &amp; Bisuter\u00eda\">\r\n\t\t\t\t\t\t\t<\/a>\r\n\t\t\t\t\t\t\r\n\t\t\t\t\t\t<a class=\"cat-name\" href=\"https:\/\/co.feriavegana.com\/index.php\/product-category\/fashion-jewellery\/\">\r\n\t\t\t\t\t\t\tModa &amp; Bisuter\u00eda\r\n\t\t\t\t\t\t\t\t\t\t\t\t\t<\/a>\r\n\r\n\r\n\t\t\t\t\t<\/div>\r\n\r\n\t\t\t\t\t\t\t<\/div>\r\n\t\t\t\t         \r\n\r\n\t\t\t \r\n\t\t\t\t<div class=\"item\">\r\n\t\t\t\r\n\t\t\t\t\t<div class=\"item-cat\">\r\n\t\t\t\t\t\t\t\t\t\t\t\t\t<a class=\"cat-img\" href=\"https:\/\/co.feriavegana.com\/\">\r\n\t\t\t\t\t\t\t\t<img src=\"https:\/\/co.feriavegana.com\/wp-content\/uploads\/2020\/01\/cate3.png\" alt=\"Shop\">\r\n\t\t\t\t\t\t\t<\/a>\r\n\t\t\t\t\t\t\r\n\t\t\t\t\t\t<a class=\"cat-name\" href=\"https:\/\/co.feriavegana.com\/\">\r\n\t\t\t\t\t\t\tShop\r\n\t\t\t\t\t\t\t\t\t\t\t\t\t<\/a>\r\n\r\n\r\n\t\t\t\t\t<\/div>\r\n\r\n\t\t\t\t\t\t\t<\/div>\r\n\t\t\t\t         \r\n\r\n\t\t\t \r\n\t\t\t\t<div class=\"item\">\r\n\t\t\t\r\n\t\t\t\t\t<div class=\"item-cat\">\r\n\t\t\t\t\t\t\t\t\t\t\t\t\t<a class=\"cat-img\" href=\"https:\/\/co.feriavegana.com\/index.php\/product-category\/home-garden\/\">\r\n\t\t\t\t\t\t\t\t<img src=\"https:\/\/co.feriavegana.com\/wp-content\/uploads\/2020\/01\/cate5.png\" alt=\"Hogar &amp; Jard\u00edn\">\r\n\t\t\t\t\t\t\t<\/a>\r\n\t\t\t\t\t\t\r\n\t\t\t\t\t\t<a class=\"cat-name\" href=\"https:\/\/co.feriavegana.com\/index.php\/product-category\/home-garden\/\">\r\n\t\t\t\t\t\t\tHogar &amp; Jard\u00edn\r\n\t\t\t\t\t\t\t\t\t\t\t\t\t<\/a>\r\n\r\n\r\n\t\t\t\t\t<\/div>\r\n\r\n\t\t\t\t\t\t\t<\/div>\r\n\t\t\t\t         \r\n\r\n\t\t\t \r\n\t\t\t\t<div class=\"item\">\r\n\t\t\t\r\n\t\t\t\t\t<div class=\"item-cat\">\r\n\t\t\t\t\t\t\t\t\t\t\t\t\t<a class=\"cat-img\" href=\"https:\/\/co.feriavegana.com\/index.php\/product-category\/home-garden\/\">\r\n\t\t\t\t\t\t\t\t<img src=\"https:\/\/co.feriavegana.com\/wp-content\/uploads\/2020\/01\/cat7.jpg\" alt=\"Hogar &amp; Jard\u00edn\">\r\n\t\t\t\t\t\t\t<\/a>\r\n\t\t\t\t\t\t\r\n\t\t\t\t\t\t<a class=\"cat-name\" href=\"https:\/\/co.feriavegana.com\/index.php\/product-category\/home-garden\/\">\r\n\t\t\t\t\t\t\tHogar &amp; Jard\u00edn\r\n\t\t\t\t\t\t\t\t\t\t\t\t\t<\/a>\r\n\r\n\r\n\t\t\t\t\t<\/div>\r\n\r\n\t\t\t\t\t\t\t<\/div>\r\n\t\t\t\t         \r\n\r\n\t\t\t \r\n\t\t\t\t<div class=\"item\">\r\n\t\t\t\r\n\t\t\t\t\t<div class=\"item-cat\">\r\n\t\t\t\t\t\t\t\t\t\t\t\t\t<a class=\"cat-img\" href=\"https:\/\/co.feriavegana.com\/index.php\/product-category\/labor-products\/\">\r\n\t\t\t\t\t\t\t\t<img src=\"https:\/\/co.feriavegana.com\/wp-content\/uploads\/2020\/01\/cate4.png\" alt=\"Productos Laborales\">\r\n\t\t\t\t\t\t\t<\/a>\r\n\t\t\t\t\t\t\r\n\t\t\t\t\t\t<a class=\"cat-name\" href=\"https:\/\/co.feriavegana.com\/index.php\/product-category\/labor-products\/\">\r\n\t\t\t\t\t\t\tProductos Laborales\r\n\t\t\t\t\t\t\t\t\t\t\t\t\t<\/a>\r\n\r\n\r\n\t\t\t\t\t<\/div>\r\n\r\n\t\t\t\t\t\t\t<\/div>\r\n\t\t\t\t         \r\n\r\n\t\t\t \r\n\t\t\t\t<div class=\"item\">\r\n\t\t\t\r\n\t\t\t\t\t<div class=\"item-cat\">\r\n\t\t\t\t\t\t\t\t\t\t\t\t\t<a class=\"cat-img\" href=\"https:\/\/co.feriavegana.com\/index.php\/product-category\/books-newspapers\/\">\r\n\t\t\t\t\t\t\t\t<img src=\"https:\/\/co.feriavegana.com\/wp-content\/uploads\/2020\/01\/cat6.jpg\" alt=\"Libros &amp; peri\u00f3dicos\">\r\n\t\t\t\t\t\t\t<\/a>\r\n\t\t\t\t\t\t\r\n\t\t\t\t\t\t<a class=\"cat-name\" href=\"https:\/\/co.feriavegana.com\/index.php\/product-category\/books-newspapers\/\">\r\n\t\t\t\t\t\t\tLibros &amp; peri\u00f3dicos\r\n\t\t\t\t\t\t\t\t\t\t\t\t\t<\/a>\r\n\r\n\r\n\t\t\t\t\t<\/div>\r\n\r\n\t\t\t\t\t\t\t<\/div>\r\n\t\t\t\t         \r\n\r\n\t\t\t \r\n\t\t\t\t<div class=\"item\">\r\n\t\t\t\r\n\t\t\t\t\t<div class=\"item-cat\">\r\n\t\t\t\t\t\t\t\t\t\t\t\t\t<a class=\"cat-img\" href=\"https:\/\/co.feriavegana.com\/index.php\/product-category\/baby-care\/\">\r\n\t\t\t\t\t\t\t\t<img src=\"https:\/\/co.feriavegana.com\/wp-content\/uploads\/2020\/01\/cat8.jpg\" alt=\"Cuidado del beb\u00e9\">\r\n\t\t\t\t\t\t\t<\/a>\r\n\t\t\t\t\t\t\r\n\t\t\t\t\t\t<a class=\"cat-name\" href=\"https:\/\/co.feriavegana.com\/index.php\/product-category\/baby-care\/\">\r\n\t\t\t\t\t\t\tCuidado del beb\u00e9\r\n\t\t\t\t\t\t\t\t\t\t\t\t\t<\/a>\r\n\r\n\r\n\t\t\t\t\t<\/div>\r\n\r\n\t\t\t\t\t\t\t<\/div>\r\n\t\t\t\t        <\/div> \r\n     \r\n        \r\n            <\/div>\r\n\r\n<\/div>\t\t<\/div>\n\t\t\t\t<\/div>\n\t\t\t\t\t<\/div>\n\t\t<\/div>\n\t\t\t\t\t\t\t<\/div>\n\t\t<\/section>\n\t\t\t\t<section class=\"elementor-section elementor-top-section elementor-element elementor-element-45eae604 elementor-section-boxed elementor-section-height-default elementor-section-height-default\" data-id=\"45eae604\" data-element_type=\"section\">\n\t\t\t\t\t\t<div class=\"elementor-container elementor-column-gap-default\">\n\t\t\t\t\t<div class=\"elementor-column elementor-col-100 elementor-top-column elementor-element elementor-element-578e0a85\" data-id=\"578e0a85\" data-element_type=\"column\">\n\t\t\t<div class=\"elementor-widget-wrap elementor-element-populated\">\n\t\t\t\t\t\t\t\t<div class=\"elementor-element elementor-element-391c63c elementor-widget elementor-widget-tbay-custom-image-list-categories\" data-id=\"391c63c\" data-element_type=\"widget\" data-widget_type=\"tbay-custom-image-list-categories.default\">\n\t\t\t\t<div class=\"elementor-widget-container\">\n\t\t\t\r\n<div class=\"widget tbay-element tbay-element-custom-image-list-categories widget-categories categories widget-grid\">\r\n    \t\t\t<h3 class=\"heading-tbay-title widget-title\">\r\n\t\t\t\t\t\t\t\t\t<span class=\"title\">#image grid<\/span>\r\n\t\t\t\t\t    \t\r\n\t\t\t\t\t\t\t\t\t<span class=\"subtitle\">Cuadr\u00edcula de categor\u00edas de lista de im\u00e1genes personalizadas de Tbay<\/span>\r\n\t\t\t\t\t\t\t<\/h3>\r\n\t\t \r\n    <div class=\"widget-content woocommerce\">\r\n                    <div class=\"custom-image-list-categories row grid categories\" data-xlgdesktop=\"3\" data-desktop=\"3\" data-desktopsmall=\"2\" data-landscape=\"2\" > \r\n         \r\n \r\n         \r\n\r\n\t\t\t\t<div class=\"item\">\r\n\r\n\t\t\t\t\t<div class=\"item-cat\">\r\n\t\t\t\t\t\t\t\t\t\t\t\t\t<a class=\"cat-img\" href=\"https:\/\/co.feriavegana.com\/index.php\/product-category\/electronics-computer\/\">\r\n\t\t\t\t\t\t\t\t<img src=\"https:\/\/co.feriavegana.com\/wp-content\/uploads\/2020\/01\/home9-cate1.png\" alt=\"Electr\u00f3nica &amp; Computaci\u00f3n\">\r\n\t\t\t\t\t\t\t<\/a>\r\n\t\t\t\t\t\t\r\n\t\t\t\t\t\t<a class=\"cat-name\" href=\"https:\/\/co.feriavegana.com\/index.php\/product-category\/electronics-computer\/\">\r\n\t\t\t\t\t\t\tElectr\u00f3nica &amp; Computaci\u00f3n\r\n\t\t\t\t\t\t\t\t\t\t\t\t\t<\/a>\r\n\r\n\r\n\t\t\t\t\t<\/div>\r\n\r\n\t\t\t\t<\/div>\r\n\t\t\t\t         \r\n\r\n\t\t\t\t<div class=\"item\">\r\n\r\n\t\t\t\t\t<div class=\"item-cat\">\r\n\t\t\t\t\t\t\t\t\t\t\t\t\t<a class=\"cat-img\" href=\"https:\/\/co.feriavegana.com\/index.php\/product-category\/fashion-jewellery\/\">\r\n\t\t\t\t\t\t\t\t<img src=\"https:\/\/co.feriavegana.com\/wp-content\/uploads\/2020\/01\/home9-cate2.png\" alt=\"Moda &amp; Bisuter\u00eda\">\r\n\t\t\t\t\t\t\t<\/a>\r\n\t\t\t\t\t\t\r\n\t\t\t\t\t\t<a class=\"cat-name\" href=\"https:\/\/co.feriavegana.com\/index.php\/product-category\/fashion-jewellery\/\">\r\n\t\t\t\t\t\t\tModa &amp; Bisuter\u00eda\r\n\t\t\t\t\t\t\t\t\t\t\t\t\t<\/a>\r\n\r\n\r\n\t\t\t\t\t<\/div>\r\n\r\n\t\t\t\t<\/div>\r\n\t\t\t\t         \r\n\r\n\t\t\t\t<div class=\"item\">\r\n\r\n\t\t\t\t\t<div class=\"item-cat\">\r\n\t\t\t\t\t\t\t\t\t\t\t\t\t<a class=\"cat-img\" href=\"https:\/\/co.feriavegana.com\/\">\r\n\t\t\t\t\t\t\t\t<img src=\"https:\/\/co.feriavegana.com\/wp-content\/uploads\/2020\/01\/home9-cate3.png\" alt=\"Shop\">\r\n\t\t\t\t\t\t\t<\/a>\r\n\t\t\t\t\t\t\r\n\t\t\t\t\t\t<a class=\"cat-name\" href=\"https:\/\/co.feriavegana.com\/\">\r\n\t\t\t\t\t\t\tShop\r\n\t\t\t\t\t\t\t\t\t\t\t\t\t<\/a>\r\n\r\n\r\n\t\t\t\t\t<\/div>\r\n\r\n\t\t\t\t<\/div>\r\n\t\t\t\t         \r\n\r\n\t\t\t\t<div class=\"item\">\r\n\r\n\t\t\t\t\t<div class=\"item-cat\">\r\n\t\t\t\t\t\t\t\t\t\t\t\t\t<a class=\"cat-img\" href=\"https:\/\/co.feriavegana.com\/index.php\/product-category\/books-newspapers\/\">\r\n\t\t\t\t\t\t\t\t<img src=\"https:\/\/co.feriavegana.com\/wp-content\/uploads\/2020\/01\/home9-cate4.png\" alt=\"Libros &amp; peri\u00f3dicos\">\r\n\t\t\t\t\t\t\t<\/a>\r\n\t\t\t\t\t\t\r\n\t\t\t\t\t\t<a class=\"cat-name\" href=\"https:\/\/co.feriavegana.com\/index.php\/product-category\/books-newspapers\/\">\r\n\t\t\t\t\t\t\tLibros &amp; peri\u00f3dicos\r\n\t\t\t\t\t\t\t\t\t\t\t\t\t<\/a>\r\n\r\n\r\n\t\t\t\t\t<\/div>\r\n\r\n\t\t\t\t<\/div>\r\n\t\t\t\t         \r\n\r\n\t\t\t\t<div class=\"item\">\r\n\r\n\t\t\t\t\t<div class=\"item-cat\">\r\n\t\t\t\t\t\t\t\t\t\t\t\t\t<a class=\"cat-img\" href=\"https:\/\/co.feriavegana.com\/\">\r\n\t\t\t\t\t\t\t\t<img src=\"https:\/\/co.feriavegana.com\/wp-content\/uploads\/2020\/01\/home9-cate5.png\" alt=\"Shop\">\r\n\t\t\t\t\t\t\t<\/a>\r\n\t\t\t\t\t\t\r\n\t\t\t\t\t\t<a class=\"cat-name\" href=\"https:\/\/co.feriavegana.com\/\">\r\n\t\t\t\t\t\t\tShop\r\n\t\t\t\t\t\t\t\t\t\t\t\t\t<\/a>\r\n\r\n\r\n\t\t\t\t\t<\/div>\r\n\r\n\t\t\t\t<\/div>\r\n\t\t\t\t         \r\n\r\n\t\t\t\t<div class=\"item\">\r\n\r\n\t\t\t\t\t<div class=\"item-cat\">\r\n\t\t\t\t\t\t\t\t\t\t\t\t\t<a class=\"cat-img\" href=\"https:\/\/co.feriavegana.com\/index.php\/product-category\/baby-care\/\">\r\n\t\t\t\t\t\t\t\t<img src=\"https:\/\/co.feriavegana.com\/wp-content\/uploads\/2020\/01\/home9-cate6.png\" alt=\"Cuidado del beb\u00e9\">\r\n\t\t\t\t\t\t\t<\/a>\r\n\t\t\t\t\t\t\r\n\t\t\t\t\t\t<a class=\"cat-name\" href=\"https:\/\/co.feriavegana.com\/index.php\/product-category\/baby-care\/\">\r\n\t\t\t\t\t\t\tCuidado del beb\u00e9\r\n\t\t\t\t\t\t\t\t\t\t\t\t\t<\/a>\r\n\r\n\r\n\t\t\t\t\t<\/div>\r\n\r\n\t\t\t\t<\/div>\r\n\t\t\t\t        \r\n     \r\n                    <\/div> \r\n        \r\n            <\/div>\r\n\r\n<\/div>\t\t<\/div>\n\t\t\t\t<\/div>\n\t\t\t\t\t<\/div>\n\t\t<\/div>\n\t\t\t\t\t\t\t<\/div>\n\t\t<\/section>\n\t\t\t\t<section class=\"elementor-section elementor-top-section elementor-element elementor-element-4e61a4c6 elementor-section-boxed elementor-section-height-default elementor-section-height-default\" data-id=\"4e61a4c6\" data-element_type=\"section\">\n\t\t\t\t\t\t<div class=\"elementor-container elementor-column-gap-default\">\n\t\t\t\t\t<div class=\"elementor-column elementor-col-100 elementor-top-column elementor-element elementor-element-2fde6b6\" data-id=\"2fde6b6\" data-element_type=\"column\">\n\t\t\t<div class=\"elementor-widget-wrap elementor-element-populated\">\n\t\t\t\t\t\t\t\t<div class=\"elementor-element elementor-element-35652925 elementor-widget elementor-widget-tbay-product-categories-tabs\" data-id=\"35652925\" data-element_type=\"widget\" data-widget_type=\"tbay-product-categories-tabs.default\">\n\t\t\t\t<div class=\"elementor-widget-container\">\n\t\t\t \r\n<div class=\"widget tbay-element tbay-element-product-categories-tabs  widget-categoriestabs tbay-product-categories-tabs-ajax ajax-active woocommerce widget-products widget-categoriestabs carousel\">\r\n    <div class=\"widget-content woocommerce\">\r\n\r\n        \t\t\t<h3 class=\"heading-tbay-title widget-title\">\r\n\t\t\t\t\t\t\t\t\t<span class=\"title\">#tabs<\/span>\r\n\t\t\t\t\t    \t\r\n\t\t\t\t\t\t\t\t\t<span class=\"subtitle\">Fichas de categor\u00edas de productos<\/span>\r\n\t\t\t\t\t\t\t<\/h3>\r\n\t\t        <div class=\"heading-product-category-tabs\">\r\n                        <ul class=\"product-categories-tabs-title tabs-list nav nav-tabs\" data-atts=\"{&quot;product_type&quot;:&quot;random_product&quot;,&quot;cat_operator&quot;:&quot;&quot;,&quot;limit&quot;:6,&quot;orderby&quot;:null,&quot;order&quot;:null,&quot;attr_row&quot;:&quot;class=\\&quot;product-categories-tabs row-1 owl-carousel scroll-init products\\&quot; data-carousel=\\&quot;owl\\&quot; data-items=\\&quot;4\\&quot; data-large=\\&quot;4\\&quot; data-medium=\\&quot;2\\&quot; data-smallmedium=\\&quot;\\&quot; data-extrasmall=\\&quot;2\\&quot; data-verysmall=\\&quot;\\&quot; data-rows=\\&quot;1\\&quot; data-nav=\\&quot;false\\&quot; data-pagination=\\&quot;true\\&quot; data-loop=\\&quot;false\\&quot; data-auto=\\&quot;false\\&quot; data-unslick=\\&quot;true\\&quot;&quot;,&quot;layout_type&quot;:&quot;carousel&quot;,&quot;rows&quot;:1}\">\r\n                                                               \r\n        <li class=\"active\">\r\n            <a data-value=\"electronics-computer\" href=\"#electronics-computer-rVFsu\" data-toggle=\"tab\" aria-controls=\"electronics-computer-rVFsu\">Electr\u00f3nica &amp; Computaci\u00f3n<\/a>\r\n        <\/li>\r\n\r\n                                                                          \r\n        <li class=\"\">\r\n            <a data-value=\"home-garden\" href=\"#home-garden-rVFsu\" data-toggle=\"tab\" aria-controls=\"home-garden-rVFsu\">Hogar &amp; Jard\u00edn<\/a>\r\n        <\/li>\r\n\r\n                                                                          \r\n        <li class=\"\">\r\n            <a data-value=\"sports-outdoors\" href=\"#sports-outdoors-rVFsu\" data-toggle=\"tab\" aria-controls=\"sports-outdoors-rVFsu\"><\/a>\r\n        <\/li>\r\n\r\n                                                                          \r\n        <li class=\"\">\r\n            <a data-value=\"baby-care\" href=\"#baby-care-rVFsu\" data-toggle=\"tab\" aria-controls=\"baby-care-rVFsu\">Cuidado del beb\u00e9<\/a>\r\n        <\/li>\r\n\r\n                                                       <\/ul>\r\n            \r\n        <\/div>\r\n                   <div class=\"widget-inner\">\r\n                <div class=\"tbay-addon-content tab-content\">\r\n                                            <div class=\"tab-pane animated fadeIn  active active-content current\" id=\"electronics-computer-rVFsu\">\r\n                            \r\n\t<div class=\"product-categories-tabs row-1 owl-carousel scroll-init products\" data-carousel=\"owl\" data-items=\"4\" data-large=\"4\" data-medium=\"2\" data-smallmedium=\"\" data-extrasmall=\"2\" data-verysmall=\"\" data-rows=\"1\" data-nav=\"false\" data-pagination=\"true\" data-loop=\"false\" data-auto=\"false\" data-unslick=\"true\">\r\n\r\n    <\/div> \r\n                                                    <\/div>\r\n                                                    <div class=\"tab-pane animated fadeIn \" id=\"home-garden-rVFsu\">\r\n                                                                                <\/div>\r\n                                                    <div class=\"tab-pane animated fadeIn \" id=\"sports-outdoors-rVFsu\">\r\n                                                                                <\/div>\r\n                                                    <div class=\"tab-pane animated fadeIn \" id=\"baby-care-rVFsu\">\r\n                                                                                <\/div>\r\n                                        <\/div>\r\n            <\/div>\r\n            <\/div>\r\n<\/div>\t\t<\/div>\n\t\t\t\t<\/div>\n\t\t\t\t\t<\/div>\n\t\t<\/div>\n\t\t\t\t\t\t\t<\/div>\n\t\t<\/section>\n\t\t\t\t\t\t\t<\/div>\n\t\t","protected":false},"excerpt":{"rendered":"<p>#custom image Categor\u00edas de lista de im\u00e1genes personalizadas de Tbay Electr\u00f3nica &amp; Computaci\u00f3n Moda &amp; Bisuter\u00eda Shop Hogar &amp; Jard\u00edn Hogar &amp; Jard\u00edn Productos Laborales Libros &amp; peri\u00f3dicos Cuidado del beb\u00e9 #image grid Cuadr\u00edcula de categor\u00edas de lista de im\u00e1genes personalizadas de Tbay Electr\u00f3nica &amp; Computaci\u00f3n Moda &amp; Bisuter\u00eda Shop Libros &amp; peri\u00f3dicos Deportes &amp; &hellip; <a href=\"https:\/\/co.feriavegana.com\/index.php\/product-categories-elements\/\" class=\"more-link\">Continuar leyendo <span class=\"screen-reader-text\">Categor\u00edas de productos<\/span><\/a><\/p>\n","protected":false},"author":1,"featured_media":0,"parent":0,"menu_order":0,"comment_status":"closed","ping_status":"closed","template":"elementor_header_footer","meta":{"om_disable_all_campaigns":false,"_monsterinsights_skip_tracking":false,"_monsterinsights_sitenote_active":false,"_monsterinsights_sitenote_note":"","_monsterinsights_sitenote_category":0},"jetpack-related-posts":[],"_links":{"self":[{"href":"https:\/\/co.feriavegana.com\/index.php\/wp-json\/wp\/v2\/pages\/3273"}],"collection":[{"href":"https:\/\/co.feriavegana.com\/index.php\/wp-json\/wp\/v2\/pages"}],"about":[{"href":"https:\/\/co.feriavegana.com\/index.php\/wp-json\/wp\/v2\/types\/page"}],"author":[{"embeddable":true,"href":"https:\/\/co.feriavegana.com\/index.php\/wp-json\/wp\/v2\/users\/1"}],"replies":[{"embeddable":true,"href":"https:\/\/co.feriavegana.com\/index.php\/wp-json\/wp\/v2\/comments?post=3273"}],"version-history":[{"count":17,"href":"https:\/\/co.feriavegana.com\/index.php\/wp-json\/wp\/v2\/pages\/3273\/revisions"}],"predecessor-version":[{"id":6225,"href":"https:\/\/co.feriavegana.com\/index.php\/wp-json\/wp\/v2\/pages\/3273\/revisions\/6225"}],"wp:attachment":[{"href":"https:\/\/co.feriavegana.com\/index.php\/wp-json\/wp\/v2\/media?parent=3273"}],"curies":[{"name":"wp","href":"https:\/\/api.w.org\/{rel}","templated":true}]}}