{"id":2674,"date":"2017-10-25T10:07:03","date_gmt":"2017-10-25T10:07:03","guid":{"rendered":"https:\/\/elementor3.thembay.com\/puca_wcfm\/?page_id=2674"},"modified":"2022-06-21T02:09:52","modified_gmt":"2022-06-21T02:09:52","slug":"shop-carousel","status":"publish","type":"page","link":"https:\/\/co.feriavegana.com\/index.php\/shop-carousel\/","title":{"rendered":"Carrusel"},"content":{"rendered":"\t\t<div data-elementor-type=\"wp-page\" data-elementor-id=\"2674\" class=\"elementor elementor-2674\">\n\t\t\t\t\t\t\t\t\t<section class=\"elementor-section elementor-top-section elementor-element elementor-element-1451f6c8 elementor-section-boxed elementor-section-height-default elementor-section-height-default\" data-id=\"1451f6c8\" data-element_type=\"section\">\n\t\t\t\t\t\t<div class=\"elementor-container elementor-column-gap-default\">\n\t\t\t\t\t<div class=\"elementor-column elementor-col-100 elementor-top-column elementor-element elementor-element-7601c9d7\" data-id=\"7601c9d7\" data-element_type=\"column\">\n\t\t\t<div class=\"elementor-widget-wrap elementor-element-populated\">\n\t\t\t\t\t\t\t\t<div class=\"elementor-element elementor-element-59c23348 navigation-top elementor-widget elementor-widget-tbay-products\" data-id=\"59c23348\" data-element_type=\"widget\" data-widget_type=\"tbay-products.default\">\n\t\t\t\t<div class=\"elementor-widget-container\">\n\t\t\t\r\n<div class=\"widget tbay-element tbay-element-products navigation-top navigation-top woocommerce widget-products products carousel\">\r\n\r\n    \t\t\t<h3 class=\"heading-tbay-title widget-title\">\r\n\t\t\t\t\t\t\t\t\t<span class=\"title\">Recomendado para ti<\/span>\r\n\t\t\t\t\t    \t\r\n\t\t\t\t\t\t\t<\/h3>\r\n\t\t\r\n    \r\n\t<div class=\"products row-1 owl-carousel scroll-init\" data-carousel=\"owl\" data-items=\"4\" data-large=\"4\" data-medium=\"3\" data-smallmedium=\"\" data-extrasmall=\"2\" data-verysmall=\"\" data-rows=\"1\" data-nav=\"true\" data-pagination=\"false\" data-loop=\"false\" data-auto=\"false\" data-unslick=\"true\">\r\n\r\n    <\/div> \r\n    <\/div>\t\t<\/div>\n\t\t\t\t<\/div>\n\t\t\t\t\t<\/div>\n\t\t<\/div>\n\t\t\t\t\t\t\t<\/div>\n\t\t<\/section>\n\t\t\t\t<section class=\"elementor-section elementor-top-section elementor-element elementor-element-722163c7 elementor-section-boxed elementor-section-height-default elementor-section-height-default\" data-id=\"722163c7\" data-element_type=\"section\">\n\t\t\t\t\t\t<div class=\"elementor-container elementor-column-gap-default\">\n\t\t\t\t\t<div class=\"elementor-column elementor-col-100 elementor-top-column elementor-element elementor-element-bdf21e1\" data-id=\"bdf21e1\" data-element_type=\"column\">\n\t\t\t<div class=\"elementor-widget-wrap elementor-element-populated\">\n\t\t\t\t\t\t\t\t<div class=\"elementor-element elementor-element-390f95bb navigation-top elementor-widget elementor-widget-tbay-products\" data-id=\"390f95bb\" data-element_type=\"widget\" data-widget_type=\"tbay-products.default\">\n\t\t\t\t<div class=\"elementor-widget-container\">\n\t\t\t\r\n<div class=\"widget tbay-element tbay-element-products navigation-top navigation-top woocommerce widget-products products carousel\">\r\n\r\n    \t\t\t<h3 class=\"heading-tbay-title widget-title\">\r\n\t\t\t\t\t\t\t\t\t<span class=\"title\">Los reci\u00e9n llegados<\/span>\r\n\t\t\t\t\t    \t\r\n\t\t\t\t\t\t\t<\/h3>\r\n\t\t\r\n    \r\n\t<div class=\"products row-1 owl-carousel scroll-init\" data-carousel=\"owl\" data-items=\"4\" data-large=\"4\" data-medium=\"3\" data-smallmedium=\"\" data-extrasmall=\"2\" data-verysmall=\"\" data-rows=\"1\" data-nav=\"true\" data-pagination=\"false\" data-loop=\"false\" data-auto=\"false\" data-unslick=\"true\">\r\n\r\n    <\/div> \r\n    <\/div>\t\t<\/div>\n\t\t\t\t<\/div>\n\t\t\t\t\t<\/div>\n\t\t<\/div>\n\t\t\t\t\t\t\t<\/div>\n\t\t<\/section>\n\t\t\t\t<section class=\"elementor-section elementor-top-section elementor-element elementor-element-3556b96c elementor-section-boxed elementor-section-height-default elementor-section-height-default\" data-id=\"3556b96c\" data-element_type=\"section\">\n\t\t\t\t\t\t<div class=\"elementor-container elementor-column-gap-default\">\n\t\t\t\t\t<div class=\"elementor-column elementor-col-100 elementor-top-column elementor-element elementor-element-c4fe390\" data-id=\"c4fe390\" data-element_type=\"column\">\n\t\t\t<div class=\"elementor-widget-wrap elementor-element-populated\">\n\t\t\t\t\t\t\t\t<div class=\"elementor-element elementor-element-2820a438 navigation-top elementor-widget elementor-widget-tbay-products\" data-id=\"2820a438\" data-element_type=\"widget\" data-widget_type=\"tbay-products.default\">\n\t\t\t\t<div class=\"elementor-widget-container\">\n\t\t\t\r\n<div class=\"widget tbay-element tbay-element-products navigation-top navigation-top woocommerce widget-products products carousel\">\r\n\r\n    \t\t\t<h3 class=\"heading-tbay-title widget-title\">\r\n\t\t\t\t\t\t\t\t\t<span class=\"title\">Productos Destacados<\/span>\r\n\t\t\t\t\t    \t\r\n\t\t\t\t\t\t\t<\/h3>\r\n\t\t\r\n    \r\n\t<div class=\"products row-1 owl-carousel scroll-init\" data-carousel=\"owl\" data-items=\"4\" data-large=\"4\" data-medium=\"3\" data-smallmedium=\"\" data-extrasmall=\"2\" data-verysmall=\"\" data-rows=\"1\" data-nav=\"true\" data-pagination=\"false\" data-loop=\"false\" data-auto=\"false\" data-unslick=\"true\">\r\n\r\n    <\/div> \r\n    <\/div>\t\t<\/div>\n\t\t\t\t<\/div>\n\t\t\t\t\t<\/div>\n\t\t<\/div>\n\t\t\t\t\t\t\t<\/div>\n\t\t<\/section>\n\t\t\t\t\t\t\t<\/div>\n\t\t","protected":false},"excerpt":{"rendered":"<p>Recomendado para ti A\u00f1adir al carrito Old Sea Dog Cap &#8211; Grey\/Tan Old Sea Dog Cap &#8211; Grey\/Tan (0) &#36;259.00 Hot New A\u00f1adir al carrito Ragg Wool Beanie Oatmeal Ragg Wool Beanie Oatmeal (0) &#36;599.00 Samsung A\u00f1adir al carrito Dropshot Jogger Olive Dropshot Jogger Olive (0) &#36;89.00 Hot Asanzo A\u00f1adir al carrito Das Teuerste Ray &hellip; <a href=\"https:\/\/co.feriavegana.com\/index.php\/shop-carousel\/\" class=\"more-link\">Continuar leyendo <span class=\"screen-reader-text\">Carrusel<\/span><\/a><\/p>\n","protected":false},"author":1,"featured_media":0,"parent":0,"menu_order":0,"comment_status":"closed","ping_status":"closed","template":"elementor_header_footer","meta":{"om_disable_all_campaigns":false,"_monsterinsights_skip_tracking":false,"_monsterinsights_sitenote_active":false,"_monsterinsights_sitenote_note":"","_monsterinsights_sitenote_category":0},"jetpack-related-posts":[],"_links":{"self":[{"href":"https:\/\/co.feriavegana.com\/index.php\/wp-json\/wp\/v2\/pages\/2674"}],"collection":[{"href":"https:\/\/co.feriavegana.com\/index.php\/wp-json\/wp\/v2\/pages"}],"about":[{"href":"https:\/\/co.feriavegana.com\/index.php\/wp-json\/wp\/v2\/types\/page"}],"author":[{"embeddable":true,"href":"https:\/\/co.feriavegana.com\/index.php\/wp-json\/wp\/v2\/users\/1"}],"replies":[{"embeddable":true,"href":"https:\/\/co.feriavegana.com\/index.php\/wp-json\/wp\/v2\/comments?post=2674"}],"version-history":[{"count":9,"href":"https:\/\/co.feriavegana.com\/index.php\/wp-json\/wp\/v2\/pages\/2674\/revisions"}],"predecessor-version":[{"id":6356,"href":"https:\/\/co.feriavegana.com\/index.php\/wp-json\/wp\/v2\/pages\/2674\/revisions\/6356"}],"wp:attachment":[{"href":"https:\/\/co.feriavegana.com\/index.php\/wp-json\/wp\/v2\/media?parent=2674"}],"curies":[{"name":"wp","href":"https:\/\/api.w.org\/{rel}","templated":true}]}}